{"id":2212,"date":"2026-01-18T17:45:01","date_gmt":"2026-01-18T15:45:01","guid":{"rendered":"https:\/\/www.taitokaari.fi\/residence\/property-management\/"},"modified":"2026-01-21T11:40:36","modified_gmt":"2026-01-21T09:40:36","slug":"property-management","status":"publish","type":"page","link":"https:\/\/www.taitokaari.fi\/en\/housing\/property-management\/","title":{"rendered":"Property management"},"content":{"rendered":"\n<p class=\"lead\">Taitokaari Oy manages the housing and real estate companies under its administration. From this page, you can download general housing-related documents and order property management documents.<\/p>\n\n\n\n<p><a href=\"https:\/\/www.taitokaari.fi\/wp-content\/uploads\/Uusi_AsOylaki.pdf\">Announcement on the new Housing Companies Act<\/a> (pdf, 216kt)<br><a href=\"https:\/\/www.taitokaari.fi\/wp-content\/uploads\/Remontti-ilmoitus.pdf\">Renovation notification form for housing association<\/a> (pdf, 227kt)<\/p>\n\n\n\n<h2 class=\"wp-block-heading\">Document orders<\/h2>\n\n\n\n<p>Fill in all the required information in the form below and click the submit button. Prices include VAT. Prices are the same regardless of the delivery method. Note! A property manager&#8217;s certificate can only be ordered by a shareholder, a party holding shares as collateral, or a real estate agent with a valid sales mandate for share brokerage. Documents will be mailed \/ are available for pickup within five business days of ordering.<\/p>\n\n\n<script type=\"text\/javascript\">var gform;gform||(document.addEventListener(\"gform_main_scripts_loaded\",function(){gform.scriptsLoaded=!0}),window.addEventListener(\"DOMContentLoaded\",function(){gform.domLoaded=!0}),gform={domLoaded:!1,scriptsLoaded:!1,initializeOnLoaded:function(o){gform.domLoaded&&gform.scriptsLoaded?o():!gform.domLoaded&&gform.scriptsLoaded?window.addEventListener(\"DOMContentLoaded\",o):document.addEventListener(\"gform_main_scripts_loaded\",o)},hooks:{action:{},filter:{}},addAction:function(o,n,r,t){gform.addHook(\"action\",o,n,r,t)},addFilter:function(o,n,r,t){gform.addHook(\"filter\",o,n,r,t)},doAction:function(o){gform.doHook(\"action\",o,arguments)},applyFilters:function(o){return gform.doHook(\"filter\",o,arguments)},removeAction:function(o,n){gform.removeHook(\"action\",o,n)},removeFilter:function(o,n,r){gform.removeHook(\"filter\",o,n,r)},addHook:function(o,n,r,t,i){null==gform.hooks[o][n]&&(gform.hooks[o][n]=[]);var e=gform.hooks[o][n];null==i&&(i=n+\"_\"+e.length),gform.hooks[o][n].push({tag:i,callable:r,priority:t=null==t?10:t})},doHook:function(n,o,r){var t;if(r=Array.prototype.slice.call(r,1),null!=gform.hooks[n][o]&&((o=gform.hooks[n][o]).sort(function(o,n){return o.priority-n.priority}),o.forEach(function(o){\"function\"!=typeof(t=o.callable)&&(t=window[t]),\"action\"==n?t.apply(null,r):r[0]=t.apply(null,r)})),\"filter\"==n)return r[0]},removeHook:function(o,n,t,i){var r;null!=gform.hooks[o][n]&&(r=(r=gform.hooks[o][n]).filter(function(o,n,r){return!!(null!=i&&i!=o.tag||null!=t&&t!=o.priority)}),gform.hooks[o][n]=r)}});<\/script>\n                <div class='gf_browser_gecko gform_wrapper gform_legacy_markup_wrapper' id='gform_wrapper_3' >\n                        <div class='gform_heading'>\n                            <span class='gform_description'><\/span>\n                        <\/div><form method='post' enctype='multipart\/form-data'  id='gform_3'  action='\/en\/wp-json\/wp\/v2\/pages\/2212' >\n                        <div class='gform_body gform-body'><ul id='gform_fields_3' class='gform_fields left_label form_sublabel_below description_below'><li id=\"field_3_1\" class=\"gfield gsection field_sublabel_below field_description_below gfield_visibility_visible\" ><h2 class=\"gsection_title\">Perustiedot<\/h2><\/li><li id=\"field_3_2\" class=\"gfield gfield_contains_required field_sublabel_below field_description_below gfield_visibility_visible\" ><label class='gfield_label' for='input_3_2' >Asunto-oy \/ kiinteist\u00f6-oy<span class=\"gfield_required\"><span class=\"gfield_required gfield_required_asterisk\">*<\/span><\/span><\/label><div class='ginput_container ginput_container_text'><input name='input_2' id='input_3_2' type='text' value='' class='medium'     aria-required=\"true\" aria-invalid=\"false\"   \/> <\/div><\/li><li id=\"field_3_3\" class=\"gfield gfield_contains_required field_sublabel_below field_description_below gfield_visibility_visible\" ><label class='gfield_label' for='input_3_3' >Huoneisto<span class=\"gfield_required\"><span class=\"gfield_required gfield_required_asterisk\">*<\/span><\/span><\/label><div class='ginput_container ginput_container_text'><input name='input_3' id='input_3_3' type='text' value='' class='medium'     aria-required=\"true\" aria-invalid=\"false\"   \/> <\/div><\/li><li id=\"field_3_4\" class=\"gfield gfield_contains_required field_sublabel_below field_description_below gfield_visibility_visible\" ><label class='gfield_label' for='input_3_4' >Omistaja(t)<span class=\"gfield_required\"><span class=\"gfield_required gfield_required_asterisk\">*<\/span><\/span><\/label><div class='ginput_container ginput_container_text'><input name='input_4' id='input_3_4' type='text' value='' class='medium'     aria-required=\"true\" aria-invalid=\"false\"   \/> <\/div><\/li><li id=\"field_3_5\" class=\"gfield gsection field_sublabel_below field_description_below gfield_visibility_visible\" ><h2 class=\"gsection_title\">Tilattavat asiakirjat<\/h2><\/li><li id=\"field_3_7\" class=\"gfield gfield_contains_required field_sublabel_below field_description_below gfield_visibility_visible\" ><label class='gfield_label gfield_label_before_complex'  >Is\u00e4nn\u00f6itsij\u00e4ntodistus<span class=\"gfield_required\"><span class=\"gfield_required gfield_required_asterisk\">*<\/span><\/span><\/label><div class='ginput_container ginput_container_checkbox'><ul class='gfield_checkbox' id='input_3_7'><li class='gchoice gchoice_3_7_1'>\n\t\t\t\t\t\t\t\t<input class='gfield-choice-input' name='input_7.1' type='checkbox'  value='Pankkia tai perunkirjoitusta varten 110,00 \u20ac (ilman energiatodistusta)'  id='choice_3_7_1'   \/>\n\t\t\t\t\t\t\t\t<label for='choice_3_7_1' id='label_3_7_1'>Pankkia tai perunkirjoitusta varten 110,00 \u20ac (ilman energiatodistusta)<\/label>\n\t\t\t\t\t\t\t<\/li><li class='gchoice gchoice_3_7_2'>\n\t\t\t\t\t\t\t\t<input class='gfield-choice-input' name='input_7.2' type='checkbox'  value='Myynti\u00e4 varten liitteineen 150,00 \u20ac (Energiatodistus, kunnossapitotarveselvitys, tulos ja tase, toimintakertomus, talousarvio ja yhti\u00f6j\u00e4rjestys)'  id='choice_3_7_2'   \/>\n\t\t\t\t\t\t\t\t<label for='choice_3_7_2' id='label_3_7_2'>Myynti\u00e4 varten liitteineen 150,00 \u20ac (Energiatodistus, kunnossapitotarveselvitys, tulos ja tase, toimintakertomus, talousarvio ja yhti\u00f6j\u00e4rjestys)<\/label>\n\t\t\t\t\t\t\t<\/li><li class='gchoice gchoice_3_7_3'>\n\t\t\t\t\t\t\t\t<input class='gfield-choice-input' name='input_7.3' type='checkbox'  value='Vuokrausta varten 115,00 \u20ac (sis\u00e4lt\u00e4\u00e4 energiatodistuksen)'  id='choice_3_7_3'   \/>\n\t\t\t\t\t\t\t\t<label for='choice_3_7_3' id='label_3_7_3'>Vuokrausta varten 115,00 \u20ac (sis\u00e4lt\u00e4\u00e4 energiatodistuksen)<\/label>\n\t\t\t\t\t\t\t<\/li><li class='gchoice gchoice_3_7_4'>\n\t\t\t\t\t\t\t\t<input class='gfield-choice-input' name='input_7.4' type='checkbox'  value='Myynti\u00e4 varten 115,00 \u20ac (sis\u00e4lt\u00e4\u00e4 energiatodistuksen)'  id='choice_3_7_4'   \/>\n\t\t\t\t\t\t\t\t<label for='choice_3_7_4' id='label_3_7_4'>Myynti\u00e4 varten 115,00 \u20ac (sis\u00e4lt\u00e4\u00e4 energiatodistuksen)<\/label>\n\t\t\t\t\t\t\t<\/li><\/ul><\/div><\/li><li id=\"field_3_9\" class=\"gfield field_sublabel_below field_description_below gfield_visibility_visible\" ><label class='gfield_label gfield_label_before_complex'  >Pohjapiirros<\/label><div class='ginput_container ginput_container_checkbox'><ul class='gfield_checkbox' id='input_3_9'><li class='gchoice gchoice_3_9_1'>\n\t\t\t\t\t\t\t\t<input class='gfield-choice-input' name='input_9.1' type='checkbox'  value='Pohjapiirros 30,00 \u20ac (max A3, ei v\u00e4ltt\u00e4m\u00e4tt\u00e4 mittakaavassa)'  id='choice_3_9_1'   \/>\n\t\t\t\t\t\t\t\t<label for='choice_3_9_1' id='label_3_9_1'>Pohjapiirros 30,00 \u20ac (max A3, ei v\u00e4ltt\u00e4m\u00e4tt\u00e4 mittakaavassa)<\/label>\n\t\t\t\t\t\t\t<\/li><\/ul><\/div><\/li><li id=\"field_3_10\" class=\"gfield gsection field_sublabel_below field_description_below gfield_visibility_visible\" ><h2 class=\"gsection_title\">Toimitustapa<\/h2><\/li><li id=\"field_3_11\" class=\"gfield gfield_contains_required field_sublabel_below field_description_below gfield_visibility_visible\" ><label class='gfield_label' for='input_3_11' >Valitse toimitustapa<span class=\"gfield_required\"><span class=\"gfield_required gfield_required_asterisk\">*<\/span><\/span><\/label><div class='ginput_container ginput_container_select'><select name='input_11' id='input_3_11' class='medium gfield_select'    aria-required=\"true\" aria-invalid=\"false\" ><option value='noudetaan' >noudetaan<\/option><option value='postilla (toimitusmaksu 7,00 \u20ac)' >postilla (toimitusmaksu 7,00 \u20ac)<\/option><option value='s\u00e4hk\u00f6postilla (toimitusmaksu 7,00 \u20ac)' >s\u00e4hk\u00f6postilla (toimitusmaksu 7,00 \u20ac)<\/option><\/select><\/div><\/li><li id=\"field_3_12\" class=\"gfield gsection field_sublabel_below field_description_below gfield_visibility_visible\" ><h2 class=\"gsection_title\">Muut tiedot<\/h2><\/li><li id=\"field_3_14\" class=\"gfield field_sublabel_below field_description_below gfield_visibility_visible\" ><label class='gfield_label' for='input_3_14' >Toimitusosoite<\/label><div class='ginput_container ginput_container_textarea'><textarea name='input_14' id='input_3_14' class='textarea medium'  aria-describedby=\"gfield_description_3_14\"    aria-invalid=\"false\"   rows='10' cols='50'><\/textarea><\/div><div class='gfield_description' id='gfield_description_3_14'>T\u00e4yt\u00e4 vain, jos jokin muu kuin yo. osoite.<\/div><\/li><li id=\"field_3_15\" class=\"gfield gfield_contains_required field_sublabel_below field_description_below gfield_visibility_visible\" ><label class='gfield_label' for='input_3_15' >Tilaajan nimi<span class=\"gfield_required\"><span class=\"gfield_required gfield_required_asterisk\">*<\/span><\/span><\/label><div class='ginput_container ginput_container_text'><input name='input_15' id='input_3_15' type='text' value='' class='medium'     aria-required=\"true\" aria-invalid=\"false\"   \/> <\/div><\/li><li id=\"field_3_16\" class=\"gfield gfield_contains_required field_sublabel_below field_description_below gfield_visibility_visible\" ><label class='gfield_label' for='input_3_16' >S\u00e4hk\u00f6posti<span class=\"gfield_required\"><span class=\"gfield_required gfield_required_asterisk\">*<\/span><\/span><\/label><div class='ginput_container ginput_container_text'><input name='input_16' id='input_3_16' type='text' value='' class='medium'     aria-required=\"true\" aria-invalid=\"false\"   \/> <\/div><\/li><li id=\"field_3_17\" class=\"gfield gfield_contains_required field_sublabel_below field_description_below gfield_visibility_visible\" ><label class='gfield_label' for='input_3_17' >Puhelin<span class=\"gfield_required\"><span class=\"gfield_required gfield_required_asterisk\">*<\/span><\/span><\/label><div class='ginput_container ginput_container_text'><input name='input_17' id='input_3_17' type='text' value='' class='medium'     aria-required=\"true\" aria-invalid=\"false\"   \/> <\/div><\/li><li id=\"field_3_20\" class=\"gfield gsection field_sublabel_below field_description_below gfield_visibility_visible\" ><h2 class=\"gsection_title\">Laskutustiedot, mik\u00e4li kyseess\u00e4 on yritys<\/h2><\/li><li id=\"field_3_21\" class=\"gfield field_sublabel_below field_description_below gfield_visibility_visible\" ><label class='gfield_label' for='input_3_21' >Yrityksen nimi<\/label><div class='ginput_container ginput_container_text'><input name='input_21' id='input_3_21' type='text' value='' class='medium'      aria-invalid=\"false\"   \/> <\/div><\/li><li id=\"field_3_22\" class=\"gfield field_sublabel_below field_description_below gfield_visibility_visible\" ><label class='gfield_label' for='input_3_22' >Y-tunnus<\/label><div class='ginput_container ginput_container_text'><input name='input_22' id='input_3_22' type='text' value='' class='medium'      aria-invalid=\"false\"   \/> <\/div><\/li><li id=\"field_3_23\" class=\"gfield field_sublabel_below field_description_below gfield_visibility_visible\" ><label class='gfield_label' for='input_3_23' >S\u00e4hk\u00f6isen laskutuksen osoite<\/label><div class='ginput_container ginput_container_text'><input name='input_23' id='input_3_23' type='text' value='' class='medium'      aria-invalid=\"false\"   \/> <\/div><\/li><li id=\"field_3_19\" class=\"gfield field_sublabel_below field_description_below gfield_visibility_visible\" ><label class='gfield_label' for='input_3_19' >Lis\u00e4tietoja<\/label><div class='ginput_container ginput_container_textarea'><textarea name='input_19' id='input_3_19' class='textarea medium'      aria-invalid=\"false\"   rows='10' cols='50'><\/textarea><\/div><\/li><li id=\"field_3_24\" class=\"gfield field_sublabel_below field_description_below gfield_visibility_visible\" ><label class='gfield_label' for='gform_browse_button_3_24' >Liitteet<\/label><div class='ginput_container ginput_container_fileupload'><div id='gform_multifile_upload_3_24' data-settings='{&quot;runtimes&quot;:&quot;html5,flash,html4&quot;,&quot;browse_button&quot;:&quot;gform_browse_button_3_24&quot;,&quot;container&quot;:&quot;gform_multifile_upload_3_24&quot;,&quot;drop_element&quot;:&quot;gform_drag_drop_area_3_24&quot;,&quot;filelist&quot;:&quot;gform_preview_3_24&quot;,&quot;unique_names&quot;:true,&quot;file_data_name&quot;:&quot;file&quot;,&quot;url&quot;:&quot;https:\\\/\\\/www.taitokaari.fi\\\/?gf_page=166d341f2766d61&quot;,&quot;flash_swf_url&quot;:&quot;https:\\\/\\\/www.taitokaari.fi\\\/wp-includes\\\/js\\\/plupload\\\/plupload.flash.swf&quot;,&quot;silverlight_xap_url&quot;:&quot;https:\\\/\\\/www.taitokaari.fi\\\/wp-includes\\\/js\\\/plupload\\\/plupload.silverlight.xap&quot;,&quot;filters&quot;:{&quot;mime_types&quot;:[{&quot;title&quot;:&quot;Allowed Files&quot;,&quot;extensions&quot;:&quot;*&quot;}],&quot;max_file_size&quot;:&quot;2097152b&quot;},&quot;multipart&quot;:true,&quot;urlstream_upload&quot;:false,&quot;multipart_params&quot;:{&quot;form_id&quot;:3,&quot;field_id&quot;:24},&quot;gf_vars&quot;:{&quot;max_files&quot;:0,&quot;message_id&quot;:&quot;gform_multifile_messages_3_24&quot;,&quot;disallowed_extensions&quot;:[&quot;php&quot;,&quot;asp&quot;,&quot;aspx&quot;,&quot;cmd&quot;,&quot;csh&quot;,&quot;bat&quot;,&quot;html&quot;,&quot;htm&quot;,&quot;hta&quot;,&quot;jar&quot;,&quot;exe&quot;,&quot;com&quot;,&quot;js&quot;,&quot;lnk&quot;,&quot;htaccess&quot;,&quot;phtml&quot;,&quot;ps1&quot;,&quot;ps2&quot;,&quot;php3&quot;,&quot;php4&quot;,&quot;php5&quot;,&quot;php6&quot;,&quot;py&quot;,&quot;rb&quot;,&quot;tmp&quot;]}}' class='gform_fileupload_multifile'>\n\t\t\t\t\t\t\t\t\t\t<div id='gform_drag_drop_area_3_24' class='gform_drop_area'>\n\t\t\t\t\t\t\t\t\t\t\t<span class='gform_drop_instructions'>Drop files here or <\/span>\n\t\t\t\t\t\t\t\t\t\t\t<button type='button' id='gform_browse_button_3_24' class='button gform_button_select_files' aria-describedby=\"gfield_upload_rules_3_24 gfield_description_3_24\"  >Select files<\/button>\n\t\t\t\t\t\t\t\t\t\t<\/div>\n\t\t\t\t\t\t\t\t\t<\/div><span class='gform_fileupload_rules' id='gfield_upload_rules_3_24'>Max. file size: 2 MB.<\/span><ul class='validation_message validation_message--hidden-on-empty gfield_validation_message gform-ul-reset' id='gform_multifile_messages_3_24'><\/ul> <!-- Leave <ul> empty to support CSS :empty selector. --><\/div><div id='gform_preview_3_24'><\/div><div class='gfield_description' id='gfield_description_3_24'>Esim. valtakirja ja\/tai toimeksiantosopimus.<\/div><\/li><\/ul><\/div>\n        <div class='gform_footer left_label'> <input type='submit' id='gform_submit_button_3' class='gform_button button' value='L\u00e4het\u00e4'  onclick='if(window[\"gf_submitting_3\"]){return false;}  window[\"gf_submitting_3\"]=true;  ' onkeypress='if( event.keyCode == 13 ){ if(window[\"gf_submitting_3\"]){return false;} window[\"gf_submitting_3\"]=true;  jQuery(\"#gform_3\").trigger(\"submit\",[true]); }' \/> \n            <input type='hidden' class='gform_hidden' name='is_submit_3' value='1' \/>\n            <input type='hidden' class='gform_hidden' name='gform_submit' value='3' \/>\n            \n            <input type='hidden' class='gform_hidden' name='gform_unique_id' value='' \/>\n            <input type='hidden' class='gform_hidden' name='state_3' value='WyJbXSIsIjViY2U1NDAxMjI4ZGI4NjNmNDk3NzQ3N2QyYzAyY2Q5Il0=' \/>\n            <input type='hidden' class='gform_hidden' name='gform_target_page_number_3' id='gform_target_page_number_3' value='0' \/>\n            <input type='hidden' class='gform_hidden' name='gform_source_page_number_3' id='gform_source_page_number_3' value='1' \/>\n            <input type='hidden' name='gform_field_values' value='' \/>\n            <input type='hidden' name='gform_uploaded_files' id='gform_uploaded_files_3' value='' \/>\n        <\/div>\n                        <\/form>\n                        <\/div>","protected":false},"excerpt":{"rendered":"<p>Taitokaari Oy manages the housing and real estate companies under its administration. From this page, you can download general housing-related documents and&#8230;<\/p>\n","protected":false},"author":2,"featured_media":719,"parent":2207,"menu_order":20,"comment_status":"closed","ping_status":"closed","template":"","meta":{"footnotes":""},"class_list":["post-2212","page","type-page","status-publish","has-post-thumbnail","hentry"],"jetpack_sharing_enabled":true,"_links":{"self":[{"href":"https:\/\/www.taitokaari.fi\/en\/wp-json\/wp\/v2\/pages\/2212","targetHints":{"allow":["GET"]}}],"collection":[{"href":"https:\/\/www.taitokaari.fi\/en\/wp-json\/wp\/v2\/pages"}],"about":[{"href":"https:\/\/www.taitokaari.fi\/en\/wp-json\/wp\/v2\/types\/page"}],"author":[{"embeddable":true,"href":"https:\/\/www.taitokaari.fi\/en\/wp-json\/wp\/v2\/users\/2"}],"replies":[{"embeddable":true,"href":"https:\/\/www.taitokaari.fi\/en\/wp-json\/wp\/v2\/comments?post=2212"}],"version-history":[{"count":2,"href":"https:\/\/www.taitokaari.fi\/en\/wp-json\/wp\/v2\/pages\/2212\/revisions"}],"predecessor-version":[{"id":2221,"href":"https:\/\/www.taitokaari.fi\/en\/wp-json\/wp\/v2\/pages\/2212\/revisions\/2221"}],"up":[{"embeddable":true,"href":"https:\/\/www.taitokaari.fi\/en\/wp-json\/wp\/v2\/pages\/2207"}],"wp:featuredmedia":[{"embeddable":true,"href":"https:\/\/www.taitokaari.fi\/en\/wp-json\/wp\/v2\/media\/719"}],"wp:attachment":[{"href":"https:\/\/www.taitokaari.fi\/en\/wp-json\/wp\/v2\/media?parent=2212"}],"curies":[{"name":"wp","href":"https:\/\/api.w.org\/{rel}","templated":true}]}}