{"id":2226,"date":"2026-01-18T18:19:14","date_gmt":"2026-01-18T16:19:14","guid":{"rendered":"https:\/\/www.taitokaari.fi\/company\/invoicing-and-delivery\/"},"modified":"2026-01-18T18:25:32","modified_gmt":"2026-01-18T16:25:32","slug":"invoicing-and-delivery","status":"publish","type":"page","link":"https:\/\/www.taitokaari.fi\/en\/company\/invoicing-and-delivery\/","title":{"rendered":"Invoicing and delivery"},"content":{"rendered":"\t\t<div data-elementor-type=\"wp-page\" data-elementor-id=\"2226\" class=\"elementor elementor-2226 elementor-57\" data-elementor-post-type=\"page\">\n\t\t\t\t\t\t<section class=\"elementor-section elementor-top-section elementor-element elementor-element-3dbfc84c elementor-section-boxed elementor-section-height-default elementor-section-height-default\" data-id=\"3dbfc84c\" data-element_type=\"section\" data-e-type=\"section\">\n\t\t\t\t\t\t<div class=\"elementor-container elementor-column-gap-default\">\n\t\t\t\t\t<div class=\"elementor-column elementor-col-100 elementor-top-column elementor-element elementor-element-5041ac66\" data-id=\"5041ac66\" data-element_type=\"column\" data-e-type=\"column\">\n\t\t\t<div class=\"elementor-widget-wrap elementor-element-populated\">\n\t\t\t\t\t\t<div class=\"elementor-element elementor-element-6b78b19 elementor-widget elementor-widget-text-editor\" data-id=\"6b78b19\" data-element_type=\"widget\" data-e-type=\"widget\" data-widget_type=\"text-editor.default\">\n\t\t\t\t<div class=\"elementor-widget-container\">\n\t\t\t\t\t\t\t\t\t<h3 class=\"wp-block-heading\">Invoicing address<\/h3><p class=\"lead\">Taitokaari Oy<br>Kaskim\u00e4enkatu 1<br>33900 TAMPERE<\/p><p>Business ID: 0942555-8<\/p><p>The invoice must always include a reference and\/or a mark.<\/p><h2 class=\"wp-block-heading\">Electronic invoicing<\/h2><p>We kindly ask you to update the valid invoicing addresses in your customer register:<\/p><p>If you wish, you can submit invoices electronically in the future. The e-invoicing addresses can be found below. For more information about e-invoicing, please email ostolaskut(a)taitokaari.fi.  <\/p><p>If you are not ready for e-invoicing, you can send paper invoices in PDF format by email to ostolaskut(a)taitokaari.fi.<\/p><p>The following companies have the broker operator ID: <strong>Apix Messaging Oy (003723327487)<\/strong><\/p><table width=\"577\"><tbody><tr><td width=\"329\"><h6><span style=\"color: #808080;\">Company<\/span><\/h6><\/td><td width=\"110\"><h6><span style=\"color: #808080;\">Business ID<\/span><\/h6><\/td><td width=\"138\"><h6><span style=\"color: #808080;\">OVT ID<\/span><\/h6><\/td><td width=\"138\"><h6><span style=\"color: #808080;\">Operator<\/span><\/h6><\/td><\/tr><tr><td>Asunto Oy Tampereen Riipuksenkatu 7<\/td><td>Y-1813488-3<\/td><td>003718134883<\/td><td><span style=\"font-size: 0.9em;\">Apix Messaging Oy<\/span> 003723327487<\/td><\/tr><tr><td>Asunto Oy Espoon Haukilahden Merilinnake<\/td><td>Y-3102621-1<\/td><td>003731026211<\/td><td><span style=\"font-size: 0.9em;\">Apix Messaging Oy<\/span> 003723327487<\/td><\/tr><tr><td>Asunto Oy Espoon Merivirta 3<\/td><td>Y-3253394-4<\/td><td>003732533944<\/td><td><span style=\"font-size: 0.9em;\">Apix Messaging Oy<\/span> 003723327487<\/td><\/tr><tr><td>Asunto Oy Espoon Satukuja 3<\/td><td>Y-0102165-5<\/td><td>003701021655<\/td><td><span style=\"font-size: 0.9em;\">Apix Messaging Oy<\/span> 003723327487<\/td><\/tr><tr><td>Asunto Oy Helsingin K\u00e4mnerintie 8<\/td><td>Y-0416583-0<\/td><td>003704165830<\/td><td><span style=\"font-size: 0.9em;\">Apix Messaging Oy<\/span> 003723327487<\/td><\/tr><tr><td>Asunto Oy Kangasalan Mets\u00e4lauvalantie 6-8<\/td><td>Y-2286006-0<\/td><td>003722860060<\/td><td><span style=\"font-size: 0.9em;\">Apix Messaging Oy<\/span> 003723327487<\/td><\/tr><tr><td>Asunto Oy Nokian Rinnekatu 29<\/td><td>Y-2328033-2<\/td><td>003723280332<\/td><td><span style=\"font-size: 0.9em;\">Apix Messaging Oy<\/span> 003723327487<\/td><\/tr><tr><td>Asunto Oy Tampereen Rautatienkatu 12<\/td><td>Y-2784936-2<\/td><td>003727849362<\/td><td><span style=\"font-size: 0.9em;\">Apix Messaging Oy<\/span> 003723327487<\/td><\/tr><tr><td>Asunto Oy Tampereen Rautatienkatu 14<\/td><td>Y-1977535-9<\/td><td>003719775359<\/td><td><span style=\"font-size: 0.9em;\">Apix Messaging Oy<\/span> 003723327487<\/td><\/tr><tr><td>Bitonet Oy<\/td><td>Y-1523130-3<\/td><td>003715231303<\/td><td><span style=\"font-size: 0.9em;\">Apix Messaging Oy<\/span> 003723327487<\/td><\/tr><tr><td>Borromeoneo Oy<\/td><td>Y-2912381-3<\/td><td>003729123813<\/td><td><span style=\"font-size: 0.9em;\">Apix Messaging Oy<\/span> 003723327487<\/td><\/tr><tr><td>Bulevardi 14 Kehitys Ky<\/td><td>Y-2556291-5<\/td><td>003725562915<\/td><td><span style=\"font-size: 0.9em;\">Apix Messaging Oy<\/span> 003723327487<\/td><\/tr><tr><td>Cinema Shooting Oy<\/td><td>Y-3391630-6<\/td><td>003733916306<\/td><td><span style=\"font-size: 0.9em;\">Apix Messaging Oy<\/span> 003723327487<\/td><\/tr><tr><td>Kiinteist\u00f6 Oy Hervannan Kauppuri<\/td><td>Y-0555979-4<\/td><td>003705559794<\/td><td><span style=\"font-size: 0.9em;\">Apix Messaging Oy<\/span> 003723327487<\/td><\/tr><tr><td>Kiinteist\u00f6 Oy Myyrinpuhos<\/td><td>Y-0124185-0<\/td><td>003701241850<\/td><td><span style=\"font-size: 0.9em;\">Apix Messaging Oy<\/span> 003723327487<\/td><\/tr><tr><td>Kiinteist\u00f6 Oy Nuutisarankatu 22<\/td><td>Y-3337578-1<\/td><td>003733375781<\/td><td><span style=\"font-size: 0.9em;\">Apix Messaging Oy<\/span> 003723327487<\/td><\/tr><tr><td>Kiinteist\u00f6 Oy Nuutisarankatu 24<\/td><td>Y-3337580-2<\/td><td>003733375802<\/td><td><span style=\"font-size: 0.9em;\">Apix Messaging Oy<\/span> 003723327487<\/td><\/tr><tr><td>Kiinteist\u00f6 Oy Pirkkalan Kukkatalo<\/td><td>Y-2970656-8<\/td><td>003729706568<\/td><td><span style=\"font-size: 0.9em;\">Apix Messaging Oy<\/span> 003723327487<\/td><\/tr><tr><td>Kiinteist\u00f6 Oy P\u00f6yt\u00e4sarankatu 5<\/td><td>Y-3337583-7<\/td><td>003733375837<\/td><td><span style=\"font-size: 0.9em;\">Apix Messaging Oy<\/span> 003723327487<\/td><\/tr><tr><td>Kiinteist\u00f6 Oy Suvikaima<\/td><td>Y-1072471-5<\/td><td>003710724715<\/td><td><span style=\"font-size: 0.9em;\">Apix Messaging Oy<\/span> 003723327487<\/td><\/tr><tr><td>Morcote Capital Oy<\/td><td>Y-3478572-3<\/td><td>003734785723<\/td><td><span style=\"font-size: 0.9em;\">Apix Messaging Oy<\/span> 003723327487<\/td><\/tr><tr><td>Myrhattan Holding Oy<\/td><td>Y-2771040-8<\/td><td>003727710408<\/td><td><span style=\"font-size: 0.9em;\">Apix Messaging Oy<\/span> 003723327487<\/td><\/tr><tr><td>Myrhattan Kehitys Ky<\/td><td>Y-2644654-5<\/td><td>003726446545<\/td><td><span style=\"font-size: 0.9em;\">Apix Messaging Oy<\/span> 003723327487<\/td><\/tr><tr><td>Oy Nokia Water Ltd<\/td><td>Y-1065272-3<\/td><td>003710652723<\/td><td><span style=\"font-size: 0.9em;\">Apix Messaging Oy<\/span> 003723327487<\/td><\/tr><tr><td>Rakennuskaari Oy<\/td><td>Y-2352738-2<\/td><td>003723527382<\/td><td><span style=\"font-size: 0.9em;\">Apix Messaging Oy<\/span> 003723327487<\/td><\/tr><tr><td>Rotmoos Ky<\/td><td>Y-2512934-5<\/td><td>003725129345<\/td><td><span style=\"font-size: 0.9em;\">Apix Messaging Oy<\/span> 003723327487<\/td><\/tr><tr><td>Taitokaari Oy<\/td><td>Y-0942555-8<\/td><td>003709425558<\/td><td><span style=\"font-size: 0.9em;\">Apix Messaging Oy<\/span> 003723327487<\/td><\/tr><tr><td>Taitokaari Property Management Oy<\/td><td>Y-1821273-0<\/td><td>003718212730<\/td><td><span style=\"font-size: 0.9em;\">Apix Messaging Oy<\/span> 003723327487<\/td><\/tr><tr><td>Taitokaari Sijoitus Oy<\/td><td>Y-3114905-1<\/td><td>003731149051<\/td><td><span style=\"font-size: 0.9em;\">Apix Messaging Oy<\/span> 003723327487<\/td><\/tr><tr><td>Taitokaari vuokra-asunnot Oy<\/td><td>Y-2374758-8<\/td><td>003723747588<\/td><td><span style=\"font-size: 0.9em;\">Apix Messaging Oy<\/span> 003723327487<\/td><\/tr><tr><td>TK Kehitys Feeder Ky<\/td><td>Y-2933852-3<\/td><td>003729338523<\/td><td><span style=\"font-size: 0.9em;\">Apix Messaging Oy<\/span> 003723327487<\/td><\/tr><tr><td>TK Kukkatalo Kehitys Ky<\/td><td>Y-2970661-3<\/td><td>003729706613<\/td><td><span style=\"font-size: 0.9em;\">Apix Messaging Oy<\/span> 003723327487<\/td><\/tr><tr><td>TK Merivirta 3 Holding Oy<\/td><td>Y-3253344-2<\/td><td>003732533442<\/td><td><span style=\"font-size: 0.9em;\">Apix Messaging Oy<\/span> 003723327487<\/td><\/tr><tr><td>TK Merivirta 3 Kehitys Ky<\/td><td>Y-3253346-9<\/td><td>003732533469<\/td><td><span style=\"font-size: 0.9em;\">Apix Messaging Oy<\/span> 003723327487<\/td><\/tr><tr><td>TKPM Satukuja Holding Oy<\/td><td>Y-2734283-6<\/td><td>003727342836<\/td><td><span style=\"font-size: 0.9em;\">Apix Messaging Oy<\/span> 003723327487<\/td><\/tr><tr><td>TKPM Satukuja Kehitys Ky<\/td><td>Y-2734282-8<\/td><td>003727342828<\/td><td><span style=\"font-size: 0.9em;\">Apix Messaging Oy<\/span> 003723327487<\/td><\/tr><tr><td>Toppelund Holding Oy<\/td><td>Y-3100390-9<\/td><td>003731003909<\/td><td><span style=\"font-size: 0.9em;\">Apix Messaging Oy<\/span> 003723327487<\/td><\/tr><tr><td>Toppelund Kehitys Ky<\/td><td>Y-3100396-8<\/td><td>003731003968<\/td><td><span style=\"font-size: 0.9em;\">Apix Messaging Oy<\/span> 003723327487<\/td><\/tr><tr><td>Tredev Oy<\/td><td>Y-2912379-2<\/td><td>003729123792<\/td><td><span style=\"font-size: 0.9em;\">Apix Messaging Oy<\/span> 003723327487<\/td><\/tr><tr><td>Tuulensuun Palatsin Ravintolapalvelut Oy<\/td><td>Y-3137039-7<\/td><td>003731370397<\/td><td><span style=\"font-size: 0.9em;\">Apix Messaging Oy<\/span> 003723327487<\/td><\/tr><\/tbody><\/table><p>For the following companies, operator code is: <strong>Basware Oyj BAWCFI22<\/strong><\/p><p>Contact: Basware Connectivity Helpdeskt tel.: +358 (0)600 16788<\/p><p>Email: bc.helpdesk.fi(a)basware.com<\/p><table width=\"577\"><tbody><tr><td width=\"329\"><h6><span style=\"color: #808080;\">Company<\/span><\/h6><\/td><td width=\"110\"><h6><span style=\"color: #808080;\">Business ID<\/span><\/h6><\/td><td width=\"138\"><h6><span style=\"color: #808080;\">OVT ID<\/span><\/h6><\/td><td width=\"138\"><h6><span style=\"color: #808080;\">Operator<\/span><\/h6><\/td><\/tr><tr><td>Rotmoos GP Oy<\/td><td>Y-2555998-6<\/td><td>003725559986<\/td><td>Basware Oyj BAWCFI22<\/td><\/tr><tr><td>Taitokaari Fund Management Oy<\/td><td>Y-2702301-8<\/td><td>003727023018<\/td><td>Basware Oyj BAWCFI22<\/td><\/tr><\/tbody><\/table>\t\t\t\t\t\t\t\t<\/div>\n\t\t\t\t<\/div>\n\t\t\t\t\t<\/div>\n\t\t<\/div>\n\t\t\t\t\t<\/div>\n\t\t<\/section>\n\t\t\t\t<\/div>\n\t\t","protected":false},"excerpt":{"rendered":"<p>Invoicing address Taitokaari Oy Kaskim\u00e4enkatu 1 33900 TAMPERE Business ID: 0942555-8 The invoice must always include a reference and\/or a mark. Electronic&#8230;<\/p>\n","protected":false},"author":2,"featured_media":0,"parent":2188,"menu_order":10,"comment_status":"closed","ping_status":"closed","template":"","meta":{"footnotes":""},"class_list":["post-2226","page","type-page","status-publish","hentry"],"jetpack_sharing_enabled":true,"_links":{"self":[{"href":"https:\/\/www.taitokaari.fi\/en\/wp-json\/wp\/v2\/pages\/2226","targetHints":{"allow":["GET"]}}],"collection":[{"href":"https:\/\/www.taitokaari.fi\/en\/wp-json\/wp\/v2\/pages"}],"about":[{"href":"https:\/\/www.taitokaari.fi\/en\/wp-json\/wp\/v2\/types\/page"}],"author":[{"embeddable":true,"href":"https:\/\/www.taitokaari.fi\/en\/wp-json\/wp\/v2\/users\/2"}],"replies":[{"embeddable":true,"href":"https:\/\/www.taitokaari.fi\/en\/wp-json\/wp\/v2\/comments?post=2226"}],"version-history":[{"count":3,"href":"https:\/\/www.taitokaari.fi\/en\/wp-json\/wp\/v2\/pages\/2226\/revisions"}],"predecessor-version":[{"id":2230,"href":"https:\/\/www.taitokaari.fi\/en\/wp-json\/wp\/v2\/pages\/2226\/revisions\/2230"}],"up":[{"embeddable":true,"href":"https:\/\/www.taitokaari.fi\/en\/wp-json\/wp\/v2\/pages\/2188"}],"wp:attachment":[{"href":"https:\/\/www.taitokaari.fi\/en\/wp-json\/wp\/v2\/media?parent=2226"}],"curies":[{"name":"wp","href":"https:\/\/api.w.org\/{rel}","templated":true}]}}