{"id":2241,"date":"2026-01-19T00:37:32","date_gmt":"2026-01-18T22:37:32","guid":{"rendered":"https:\/\/www.taitokaari.fi\/?page_id=2241"},"modified":"2026-01-19T00:42:16","modified_gmt":"2026-01-18T22:42:16","slug":"family","status":"publish","type":"page","link":"https:\/\/www.taitokaari.fi\/en\/company\/family\/","title":{"rendered":"Family"},"content":{"rendered":"\n<h2 class=\"wp-block-heading\">Taitokaari \u2013 over 40 years of experience in demanding real estate projects<\/h2>\n\n\n\n<p class=\"lead\">Real estate is Taitokaari\u2019s profession.<\/p>\n\n\n\n<p>The group is engaged in the construction, development, sale, purchase, rental, and management of properties and apartments in the Helsinki metropolitan area and the major growth centers of Finland.<\/p>\n\n\n\n<p>In addition, Taitokaari offers interesting opportunities for investors who want to participate in real estate investment projects that provide stable returns.<\/p>\n\n\n\n<p>Taitokaari values its customers. The company uses its full expertise to deliver solutions that enhance its clients\u2019 quality of life and financial success.<\/p>\n\n\n\n<p>Taitokaari Oy\u2019s founder, Hannu Koivuniemi, has worked on demanding real estate projects since the 1970s, both in Finland and abroad, mainly in the United States. Although Taitokaari has Tamperean roots, its business operations focus on the Pirkanmaa region and the Helsinki metropolitan area. Hannu Koivuniemi\u2019s work at Taitokaari is carried on by his son, Jani.<\/p>\n\n\n\n<p>Taitokaari was established in 1993, and its annual total revenue is approximately 15\u201320 million euros. The company employs about 20 people. Taitokaari\u2019s total balance sheet is 40 million euros, of which 28 million euros is equity.<\/p>\n\n\n\n<p>Taitokaari received the Good Construction Award in 2006. The company also holds the \u201cSuomen Vahvimmat\u201d (Strongest in Finland) and Asiakastieto Rating Alfa classifications.<\/p>\n\n\n\n<p>Taitokaari\u2019s core expertise lies in managing complex and demanding real estate development projects and increasing property value through its own know\u2011how. Approximately 80 percent of its business consists of residential projects, with the remaining one\u2011fifth coming from commercial properties.<\/p>\n\n\n\n<p>Typical residential projects start from land acquisition and zoning, with a total duration of around ten years. Examples of large residential projects include the seven housing companies and 33 detached houses built in Espoo\u2019s Saunaniemi, as well as the renovation of office buildings on Helsinki\u2019s Bulevardi into luxury apartments.<\/p>\n\n\n\n<p>Among commercial projects, one of the most significant is the underground T\u00f6\u00f6l\u00f6nlahti parking facility in Helsinki, offering 800 parking spaces and completed in autumn 2018.<\/p>\n\n\n\n<p>The Koivuniemi family has chosen to retain ownership of Taitokaari, but TK Property Management Oy, founded in 2010, has offered partners and investors the opportunity to participate in the company\u2019s real estate development projects through investment fund structures. The company\u2019s first 50\u2011million\u2011euro residential fund renovated and sold the apartments in the Bulevardi 12 property in central Helsinki.<\/p>\n\n\n\n<p>Most of Taitokaari\u2019s completed developments are sold, but the company also maintains its own portfolio of residential and commercial properties for rental purposes. Key companies in the Taitokaari Group include TK Property Management Oy, Taitokaari Vuokra\u2011asunnot Oy, and Rakennuskaari Oy.<\/p>\n","protected":false},"excerpt":{"rendered":"<p>Taitokaari \u2013 over 40 years of experience in demanding real estate projects Real estate is Taitokaari\u2019s profession. The group is engaged in&#8230;<\/p>\n","protected":false},"author":10,"featured_media":0,"parent":2188,"menu_order":40,"comment_status":"closed","ping_status":"closed","template":"","meta":{"footnotes":""},"class_list":["post-2241","page","type-page","status-publish","hentry"],"jetpack_sharing_enabled":true,"_links":{"self":[{"href":"https:\/\/www.taitokaari.fi\/en\/wp-json\/wp\/v2\/pages\/2241","targetHints":{"allow":["GET"]}}],"collection":[{"href":"https:\/\/www.taitokaari.fi\/en\/wp-json\/wp\/v2\/pages"}],"about":[{"href":"https:\/\/www.taitokaari.fi\/en\/wp-json\/wp\/v2\/types\/page"}],"author":[{"embeddable":true,"href":"https:\/\/www.taitokaari.fi\/en\/wp-json\/wp\/v2\/users\/10"}],"replies":[{"embeddable":true,"href":"https:\/\/www.taitokaari.fi\/en\/wp-json\/wp\/v2\/comments?post=2241"}],"version-history":[{"count":3,"href":"https:\/\/www.taitokaari.fi\/en\/wp-json\/wp\/v2\/pages\/2241\/revisions"}],"predecessor-version":[{"id":2245,"href":"https:\/\/www.taitokaari.fi\/en\/wp-json\/wp\/v2\/pages\/2241\/revisions\/2245"}],"up":[{"embeddable":true,"href":"https:\/\/www.taitokaari.fi\/en\/wp-json\/wp\/v2\/pages\/2188"}],"wp:attachment":[{"href":"https:\/\/www.taitokaari.fi\/en\/wp-json\/wp\/v2\/media?parent=2241"}],"curies":[{"name":"wp","href":"https:\/\/api.w.org\/{rel}","templated":true}]}}