{"id":2353,"date":"2026-01-21T10:58:54","date_gmt":"2026-01-21T08:58:54","guid":{"rendered":"https:\/\/www.taitokaari.fi\/terms-and-conditions\/"},"modified":"2026-01-21T13:09:02","modified_gmt":"2026-01-21T11:09:02","slug":"terms-of-use","status":"publish","type":"page","link":"https:\/\/www.taitokaari.fi\/en\/terms-of-use\/","title":{"rendered":"Terms of Use"},"content":{"rendered":"\n<p class=\"lead\">22.09.2020<\/p>\n\n<h5 class=\"wp-block-heading\">ALL RIGHTS RESERVED<\/h5>\n\n<p>All immaterial and other rights pertaining to our materials are valid and are not assigned to third parties. We are not liable for the correctness or validity of any materials, advertising or information appearing on or linked to this website. We are not liable for third party materials and information or rights related thereto. We reserve all rights to changing and improving data presented here. By visiting our website you accept the terms herein and our other terms and conditions and you assure that you have vastly acquainted yourself with the privacy disclosures etc. Any breeches of our rights will be pursued, if necessary legally     <\/p>\n\n<hr class=\"wp-block-separator\"\/>\n\n<h5 class=\"wp-block-heading\">KAIKKI OIKEUDET PID\u00c4TET\u00c4\u00c4N<\/h5>\n\n<p>Kaikki tarvittavat aineettomat ja muut oikeudet k\u00e4ytettyihin omiin materiaaleihin ovat olemassa eik\u00e4 niit\u00e4 luovuteta kolmannelle. Emme vastaa t\u00e4ll\u00e4 sivustolla tai siin\u00e4 ilmenevien linkkien takana olevien materiaalien, mainosten ja tietojen virheett\u00f6myydest\u00e4 tai oikeellisuudesta. Emme my\u00f6sk\u00e4\u00e4n vastaa kolmansien osapuolien materiaaleista ja tiedoista tai niihin sis\u00e4ltyvist\u00e4 oikeuksista. Pid\u00e4t\u00e4mme oikeuden muuttaa ja parantaa t\u00e4ss\u00e4 esitettyj\u00e4 tietoja. K\u00e4ym\u00e4ll\u00e4 sivustollamme hyv\u00e4ksyt niist\u00e4 ilmenev\u00e4t n\u00e4m\u00e4 ja muut ehtomme ja vakuutat tutustuneesi kattavasti tietosuojaselosteisiin yms. Oikeuksiemme rikkomiseen puututaan tarvittaessa oikeusteitse.     <\/p>\n","protected":false},"excerpt":{"rendered":"<p>22.09.2020 ALL RIGHTS RESERVED All immaterial and other rights pertaining to our materials are valid and are not assigned to third parties&#8230;.<\/p>\n","protected":false},"author":2,"featured_media":0,"parent":0,"menu_order":0,"comment_status":"closed","ping_status":"closed","template":"","meta":{"footnotes":""},"class_list":["post-2353","page","type-page","status-publish","hentry"],"jetpack_sharing_enabled":true,"_links":{"self":[{"href":"https:\/\/www.taitokaari.fi\/en\/wp-json\/wp\/v2\/pages\/2353","targetHints":{"allow":["GET"]}}],"collection":[{"href":"https:\/\/www.taitokaari.fi\/en\/wp-json\/wp\/v2\/pages"}],"about":[{"href":"https:\/\/www.taitokaari.fi\/en\/wp-json\/wp\/v2\/types\/page"}],"author":[{"embeddable":true,"href":"https:\/\/www.taitokaari.fi\/en\/wp-json\/wp\/v2\/users\/2"}],"replies":[{"embeddable":true,"href":"https:\/\/www.taitokaari.fi\/en\/wp-json\/wp\/v2\/comments?post=2353"}],"version-history":[{"count":2,"href":"https:\/\/www.taitokaari.fi\/en\/wp-json\/wp\/v2\/pages\/2353\/revisions"}],"predecessor-version":[{"id":2380,"href":"https:\/\/www.taitokaari.fi\/en\/wp-json\/wp\/v2\/pages\/2353\/revisions\/2380"}],"wp:attachment":[{"href":"https:\/\/www.taitokaari.fi\/en\/wp-json\/wp\/v2\/media?parent=2353"}],"curies":[{"name":"wp","href":"https:\/\/api.w.org\/{rel}","templated":true}]}}